{"id":199,"date":"2022-09-28T19:00:26","date_gmt":"2022-09-28T17:00:26","guid":{"rendered":"https:\/\/halmanera.it\/?page_id=199"},"modified":"2022-11-18T09:56:48","modified_gmt":"2022-11-18T08:56:48","slug":"privacy-policy","status":"publish","type":"page","link":"https:\/\/www.halmanera.it\/it\/privacy-policy\/","title":{"rendered":"Privacy Policy"},"content":{"rendered":"<div id=\"privacy-policy\"><\/div>\n<div class=\"privacy-policy\" style=\"font-size: 16px; font-weight: 300;\">\n<p style=\"text-align: center;\"><b>PRIVACY POLICY<\/b><br \/>\n<b>aggiornata al Reg UE 2016\/679<br \/>\n(Regolamento Europeo in materia di protezione dei dati personali)<\/b><\/p>\n<p>Calzature Beppe s.r.l. prende in seria considerazione la privacy dell\u2019utente e si impegna al rispetto della stessa. La presente privacy policy (\u201cPrivacy Policy\u201d) descrive le attivit\u00e0 di trattamento di dati personali realizzate da Calzature Beppe s.r.l. tramite il sito www.halmanera.it e shop.halmanera.it (Sito) e i relativi impegni assunti in tal senso dalla Societ\u00e0. Calzature Beppe s.r.l. pu\u00f2 trattare i dati personali dell\u2019utente quando questi visita il Sito e utilizza i servizi e le funzionalit\u00e0 presenti sul Sito. Nelle sezioni del Sito in cui sono raccolti i dati personali dell\u2019utente \u00e8 normalmente pubblicata una specifica informativa ai sensi dell\u2019art. 13 \/15 del Reg. UE 2016\/679.<\/p>\n<p>Ove previsto dal Reg. UE 2016\/679 sar\u00e0 richiesto il consenso dell\u2019utente prima di procedere al trattamento dei suoi dati personali. Se l\u2019utente fornisce dati personali di terzi, deve provvedere affinch\u00e9 la comunicazione dei dati a Calzature Beppe s.r.l. e il successivo trattamento per le finalit\u00e0 specificate nell\u2019informativa privacy applicabile sia conforme al Reg. UE 2016\/679 e alla normativa applicabile.<\/p>\n<p>La presente Privacy Policy, inoltre:<\/p>\n<ul>\n<li>si intende resa per il presente sito www.halmanera.it e shop.halmanera.it (d\u2019ora in avanti: \u201cil Sito\u201d) che \u00e8 gestito dal Titolare;<\/li>\n<li>costituisce parte integrante del Sito e dei servizi che offriamo;<\/li>\n<li>\u00e8 da intendersi altres\u00ec quale Informativa resa ai sensi dell\u2019art. 13 \/15 del Reg. UE 2016\/679 a coloro che interagiscono con i servizi web di questo Sito;<\/li>\n<\/ul>\n<p>***Il Titolare la informa che il trattamento dei suoi dati personali sar\u00e0 improntato ai principi di correttezza, liceit\u00e0, trasparenza e di tutela della sua riservatezza e dei suoi diritti. I suoi dati personali verranno pertanto trattati in accordo alle disposizioni normative e degli obblighi di riservatezza ivi previsti.<\/p>\n<p><b>INDICE<\/b><\/p>\n<div class=\"well\">\n<ol>\n<li><a href=\"#ind1\">Estremi identificativi del titolare del trattamento dati e responsabile trattamento dati<\/a><\/li>\n<li><a href=\"#ind2\">I dati personali oggetto di trattamento<\/a>\n<ol type=\"a\">\n<li><a href=\"#ind2\">Dati di navigazione<\/a><\/li>\n<li><a href=\"#ind2\">Dati forniti volontariamente dall&#8217;utente<\/a><\/li>\n<\/ol>\n<\/li>\n<li><a href=\"#ind3\">Conservazione dei dati personali<\/a><\/li>\n<li><a href=\"#ind4\">Finalit\u00e0 e metodi trattamenti dati<\/a><\/li>\n<li><a href=\"#ind5\">Sicurezza e qualit\u00e0 dei dati personali<\/a><\/li>\n<li><a href=\"#ind6\">Ambito di comunicazione e di accesso dei dati<\/a><\/li>\n<li><a href=\"#ind7\">Natura di conferimento dei dati personali<\/a><\/li>\n<li><a href=\"#ind8\">Diritti dell\u2019interessato<\/a>\n<ol type=\"a\">\n<li><a href=\"#ind8\">Art. 15 (diritto di accesso), 16 (diritto di rettifica) del Reg. UE 2016\/679<\/a><\/li>\n<li><a href=\"#ind8\">Diritto di cui all\u2019art. 17 del Reg. UE 2016\/679 &#8211; diritto alla cancellazione<\/a><\/li>\n<li><a href=\"#ind8\">Diritto di cui all\u2019 art. 18 Diritto di limitazione di trattamento<\/a><\/li>\n<li><a href=\"#ind8\">Diritto di cui all\u2019art. 20 Diritto alla portabilit\u00e0 dei dati<\/a><\/li>\n<\/ol>\n<\/li>\n<li><a href=\"#ind9\">Revoca del consenso al trattamento<\/a><\/li>\n<\/ol>\n<\/div>\n<div id=\"ind1\"><\/div>\n<p><b>1. Estremi identificativi del titolare del trattamento dati e responsabile trattamento dati<br \/>\n<\/b><\/p>\n<p>A seguito della consultazione e dell\u2019utilizzo dei servizi del sito, possono essere trattati dati relativi a persone fisiche identificate o identificabili. Gli estremi identificativi del Titolare del trattamento e gestore del Sito sono i seguenti:<br \/>\nCalzature Beppe s.r.l., con sede legale in C.da Torrenova, 24 62018 Porto Potenza Picena (MC), P.IVA: 00380090431, email: info@halmanera.it.<\/p>\n<p>I suoi dati personali potranno essere portati a conoscenza di dipendenti o collaboratori del Titolare, appartenenti alle categorie degli addetti amministrativi, commerciali, legali, contabili o degli amministratori di sistemi informatici, a seconda del trattamento, i quali, operando sotto la diretta autorit\u00e0 di quest\u2019ultimo, sono nominati responsabili o incaricati del trattamento ai sensi del REG UE 679\/2013 e ricevono al riguardo adeguate istruzioni operative.<\/p>\n<p>L\u2019elenco aggiornato di eventuali responsabili del trattamento \u00e8 disponibile presso il Titolare e pu\u00f2 essere richiesto con e-mail al seguente indirizzo di posta elettronica: info@halmanera.it.<\/p>\n<div id=\"ind2\"><\/div>\n<p><b>2. I dati personali oggetto di trattamento<\/b><\/p>\n<p>La visita e la consultazione del Sito non comportano in genere raccolta e trattamento dei dati personali dell\u2019utente salvo che per i dati di navigazione e i cookie come di seguito specificato. In aggiunta ai cosiddetti \u201cdati di navigazione\u201d (vedasi oltre), potranno essere oggetto di trattamento dati personali volontariamente forniti dall\u2019utente quando questi interagisce con le funzionalit\u00e0 del Sito o chiede di fruire dei servizi offerti sul Sito. Nel rispetto del Codice Privacy, Calzature Beppe s.r.l. potrebbe altres\u00ec raccogliere i dati personali dell\u2019utente presso terzi nello svolgimento della propria attivit\u00e0.<\/p>\n<p><b>2.a Dati di navigazione<\/b><\/p>\n<p>I sistemi informatici e le procedure software preposte al funzionamento del Sito acquisiscono, nel corso del loro normale esercizio, alcuni dati personali la cui trasmissione \u00e8 implicita nell\u2019uso dei protocolli di comunicazione di Internet. Si tratta di informazioni che non sono raccolte per essere associate a soggetti identificati, ma che per loro stessa natura potrebbero, attraverso elaborazioni ed associazioni con dati detenuti da terzi, permettere di identificare gli utenti. In questa categoria di dati rientrano gli indirizzi IP o i nomi a dominio dei computer utilizzati dagli utenti che si connettono al sito, gli indirizzi in notazione URI (Uniform Resource Identifier) delle risorse richieste, l\u2019orario della richiesta, il metodo utilizzato nel sottoporre la richiesta al server, la dimensione del file ottenuto in risposta, il codice numerico indicante lo stato della risposta data dal server (buon fine, errore, ecc.) ed altri parametri relativi al sistema operativo e all\u2019ambiente informatico dell\u2019utente. Questi dati vengono utilizzati al fine di ricavare informazioni statistiche anonime sull\u2019uso del sito e per controllarne il corretto funzionamento, per permettere \u2013 vista l\u2019architettura dei sistemi utilizzati \u2013 la corretta erogazione dei servizi, per ragioni di sicurezza e di accertamento di responsabilit\u00e0 in caso di ipotetici reati informatici ai danni del Sito o di terzi.<\/p>\n<p><b>2.b Dati forniti volontariamente dall\u2019utente<\/b><\/p>\n<p>Il Sito offre agli utenti la possibilit\u00e0 di fornire volontariamente informazioni personali attraverso, per esempio, la registrazione a form di contatto, la richiesta di servizi, informazioni o preventivi, l\u2019invio facoltativo, esplicito e volontario di posta elettronica agli indirizzi indicati sul Sito, ecc.<\/p>\n<div id=\"ind3\"><\/div>\n<p><b>3. Conservazione dei dati personali<\/b><\/p>\n<p>I dati personali sono conservati e trattati attraverso sistemi informatici di propriet\u00e0 di Calzature Beppe s.r.l. e gestiti da Calzature Beppe s.r.l. o da terzi fornitori di servizi tecnici; per maggiori dettagli si prega di fare riferimento alla sezione \u201cAmbito di accessibilit\u00e0 dei dati personali\u201d che segue. I dati sono trattati esclusivamente da personale specificamente autorizzato, incluso il personale incaricato di svolgere operazioni di manutenzione straordinaria.<\/p>\n<div id=\"ind4\"><\/div>\n<p><b>4. Finalit\u00e0 e metodi trattamenti dati<\/b><\/p>\n<p>Calzature Beppe s.r.l. pu\u00f2 trattare i dati personali comuni e sensibili dell\u2019utente per le seguenti finalit\u00e0: utilizzo da parte degli utenti di servizi e funzionalit\u00e0 presenti sul Sito, gestione di richieste e segnalazioni da parte dei propri utenti, invio di newsletter, gestione delle candidature pervenute attraverso il Sito, etc.<br \/>\nInoltre, con l\u2019ulteriore e specifico consenso facoltativo dell\u2019utente, Calzature Beppe s.r.l. potr\u00e0 trattare i dati personali per finalit\u00e0 di marketing, cio\u00e8 per inviare all\u2019utente materiale promozionale e\/o comunicazioni commerciali attinenti ai servizi della Societ\u00e0, presso i recapiti indicati, sia attraverso modalit\u00e0 e\/o mezzi di contatto tradizionali (quali, posta cartacea, telefonate con operatore, etc.) che automatizzati (quali, comunicazioni via internet, fax, e-mail, sms, applicazioni per dispositivi mobili quali smartphone e tablet -cd. APPS-, account di social network -ad es. via Facebook o Twitter-, telefonate con operatore automatico, etc.).<br \/>\nI dati personali sono trattati sia in forma cartacea che elettronica ed immessi nel sistema informativo aziendale nel pieno rispetto del Reg UE 2016\/679, compresi i profili di sicurezza e confidenzialit\u00e0 ed ispirandosi ai principi di correttezza e liceit\u00e0 di trattamento. In conformit\u00e0 al Reg UE 2016\/679i dati sono custoditi e conservati per 5 anni.<\/p>\n<div id=\"ind5\"><\/div>\n<p><b>5. Sicurezza e qualit\u00e0 dei dati personali<\/b><\/p>\n<p>Calzature Beppe s.r.l. si impegna a proteggere la sicurezza dei dati personali dell\u2019utente e rispetta le disposizioni in materia di sicurezza previste dalla normativa applicabile al fine di evitare perdite di dati, usi illegittimi o illeciti dei dati e accessi non autorizzati agli stessi, con particolare riferimento al Disciplinare Tecnico in materia di misure minime di sicurezza. Inoltre, i sistemi informativi e i programmi informatici utilizzati da Calzature Beppe s.r.l. sono configurati in modo da ridurre al minimo l\u2019uso di dati personali e identificativi; tali dati sono trattati solo per il conseguimento delle specifiche finalit\u00e0 di volta in volta perseguite. Calzature Beppe s.r.l. utilizza molteplici tecnologie avanzate di sicurezza e procedure atte a favorire la protezione dei dati personali degli utenti; ad esempio, i dati personali sono conservati su server sicuri ubicati in luoghi ad accesso protetto e controllato. L\u2019utente pu\u00f2 aiutare Calzature Beppe s.r.l. ad aggiornare e mantenere corretti i propri dati personali comunicando qualsiasi modifica relativa al proprio indirizzo, alla propria qualifica, alle informazioni di contatto, etc.<\/p>\n<div id=\"ind6\"><\/div>\n<p><b>6. Ambito di comunicazione e di accesso dei dati<\/b><\/p>\n<p>I dati personali dell\u2019utente potranno essere comunicati a:<\/p>\n<ul>\n<li>tutti i soggetti cui la facolt\u00e0 di accesso a tali dati e&#8217; riconosciuta in forza di provvedimenti normativi;<\/li>\n<li>ai nostri collaboratori, dipendenti, nell&#8217;ambito delle relative mansioni;<\/li>\n<li>a tutte quelle persone fisiche e\/o giuridiche, pubbliche e\/o private quando la comunicazione risulti necessaria o funzionale allo svolgimento della nostra attivit\u00e0 e nei modi e per le finalit\u00e0 sopra illustrate;<\/li>\n<\/ul>\n<div id=\"ind7\"><\/div>\n<p><b>7. Natura di conferimento dei dati personali<\/b><\/p>\n<p>Il conferimento di alcuni dati personali da parte dell\u2019utente \u00e8 obbligatorio per consentire alla Societ\u00e0 di gestire le comunicazioni, le richieste pervenute dall\u2019utente o per ricontattare l\u2019utente stesso per dar seguito alla sua richiesta. Questo tipo di dati sono contrassegnati dal simbolo asterisco [*] ed in tal caso il conferimento \u00e8 obbligatorio per consentire alla Societ\u00e0 di dar seguito alla richiesta che, in difetto, non potr\u00e0 essere evasa. Al contrario, la raccolta degli altri dati non contrassegnati dall\u2019asterisco \u00e8 facoltativa: il mancato conferimento non comporter\u00e0 alcuna conseguenza per l\u2019utente.<br \/>\nIl conferimento dei dati personali da parte dell\u2019utente per finalit\u00e0 di marketing, come specificato nella sezione \u201cFinalit\u00e0 e modalit\u00e0 del trattamento\u201d \u00e8 facoltativo e il rifiuto di conferirli non avr\u00e0 alcuna conseguenza. Il consenso conferito per finalit\u00e0 di marketing si intende esteso all\u2019invio di comunicazioni effettuato attraverso modalit\u00e0 e\/o mezzi di contatto sia automatizzati che tradizionali, come sopra esemplificati.<\/p>\n<div id=\"ind8\"><\/div>\n<p><b>8. Diritti dell\u2019interessato<\/b><\/p>\n<ul>\n<li><b>8.a Art. 15 (diritto di accesso) , 16 (diritto di rettifica) del Reg. UE 2016\/679<br \/>\n<\/b>L&#8217;interessato ha il diritto di ottenere dal titolare del trattamento la conferma che sia o meno in corso un trattamento di dati personali che lo riguardano e in tal caso, di ottenere l&#8217;accesso ai dati personali e alle seguenti informazioni:<\/p>\n<ul>\n<li>le finalit\u00e0 del trattamento;<\/li>\n<li>le categorie di dati personali in questione;<\/li>\n<li>i destinatari o le categorie di destinatari a cui i dati personali sono stati o saranno comunicati, in particolare se destinatari di paesi terzi o organizzazioni internazionali;<\/li>\n<li>il periodo di conservazione dei dati personali previsto oppure, se non \u00e8 possibile, i criteri utilizzati per determinare tale periodo;<\/li>\n<li>l&#8217;esistenza del diritto dell&#8217;interessato di chiedere al titolare del trattamento la rettifica o la cancellazione dei dati personali o la limitazione del trattamento dei dati personali che lo riguardano o di opporsi al loro trattamento;<\/li>\n<li>il diritto di proporre reclamo a un&#8217;autorit\u00e0 di controllo;<\/li>\n<li>l&#8217;esistenza di un processo decisionale automatizzato, compresa la profilazione e, almeno in tali casi, informazioni significative sulla logica utilizzata, nonch\u00e9 l&#8217;importanza e le conseguenze previste di tale trattamento per l&#8217;interessato.<\/li>\n<\/ul>\n<\/li>\n<li><b>8.b Diritto di cui all\u2019art. 17 del Reg. UE 2016\/679<\/b> &#8211; <b>diritto alla cancellazione<\/b> (\u00abdiritto all&#8217;oblio\u00bb)<br \/>\nL&#8217;interessato ha il diritto di ottenere dal titolare del trattamento la cancellazione dei dati personali che lo riguardano senza ingiustificato ritardo e il titolare del trattamento ha l&#8217;obbligo di cancellare senza ingiustificato ritardo i dati personali, se sussiste uno dei motivi seguenti:<\/p>\n<ul>\n<li>i dati personali non sono pi\u00f9 necessari rispetto alle finalit\u00e0 per le quali sono stati raccolti o altrimenti trattati;<\/li>\n<li>l&#8217;interessato revoca il consenso su cui si basa il trattamento conformemente all&#8217;articolo 6, paragrafo 1, lettera a), o all&#8217;articolo 9, paragrafo 2, lettera a), e se non sussiste altro fondamento giuridico per il trattamento;<\/li>\n<li>l&#8217;interessato si oppone al trattamento ai sensi dell&#8217;articolo 21, paragrafo 1, e non sussiste alcun motivo legittimo prevalente per procedere al trattamento, oppure si oppone al trattamento ai sensi dell&#8217;articolo 21, paragrafo 2;<\/li>\n<li>i dati personali sono stati trattati illecitamente;<\/li>\n<li>i dati personali devono essere cancellati per adempiere un obbligo legale previsto dal diritto dell&#8217;Unione o dello Stato membro cui \u00e8 soggetto il titolare del trattamento;<\/li>\n<li>i dati personali sono stati raccolti relativamente all&#8217;offerta di servizi della societ\u00e0 dell&#8217;informazione di cui all&#8217;articolo 8, paragrafo 1 del Reg. UE 2016\/679<\/li>\n<\/ul>\n<\/li>\n<li><b>8.c Diritto di cui all\u2019 art. 18 Diritto di limitazione di trattamento<\/b><br \/>\nL&#8217;interessato ha il diritto di ottenere dal titolare del trattamento la limitazione del trattamento quando ricorre una delle seguenti ipotesi:<\/p>\n<ul>\n<li>a) l&#8217;interessato contesta l&#8217;esattezza dei dati personali, per il periodo necessario al titolare del trattamento per verificare l&#8217;esattezza di tali dati personali;<\/li>\n<li>b) il trattamento \u00e8 illecito e l&#8217;interessato si oppone alla cancellazione dei dati personali e chiede invece che ne sia limitato l&#8217;utilizzo;<\/li>\n<li>c) bench\u00e9 il titolare del trattamento non ne abbia pi\u00f9 bisogno ai fini del trattamento, i dati personali sono necessari all&#8217;interessato per l&#8217;accertamento, l&#8217;esercizio o la difesa di un diritto in sede giudiziaria;<\/li>\n<li>d) l&#8217;interessato si \u00e8 opposto al trattamento ai sensi dell&#8217;articolo 21, paragrafo 1, Reg UE 2016\/679 in attesa della verifica in merito all&#8217;eventuale prevalenza dei motivi legittimi del titolare del trattamento rispetto a quelli dell&#8217;interessato.<\/li>\n<\/ul>\n<\/li>\n<li><b>8.d Diritto di cui all\u2019art.20 Diritto alla portabilit\u00e0 dei dati<\/b><br \/>\nL&#8217;interessato ha il diritto di ricevere in un formato strutturato, di uso comune e leggibile da dispositivo automatico i dati personali che lo riguardano forniti a un titolare del trattamento e ha il diritto di trasmettere tali dati a un altro titolare del trattamento senza impedimenti da parte del titolare del trattamento<\/li>\n<\/ul>\n<div id=\"ind9\"><\/div>\n<p><b>9. Revoca del consenso al trattamento<\/b><\/p>\n<p>L\u2019interessato facolt\u00e0 di revocare il consenso al trattamento dei Suoi dati personali, inviando una raccomandata A\/R al seguente indirizzo: C.da Torrenova, 24 62018 Porto Potenza Picena (MC) o inviare una email tramite PEC al seguente indirizzo di posta elettronica: calzaturebeppe@legalmail.it corredato da fotocopia del suo documento di identit\u00e0, con il seguente testo: &#8220;revoca del consenso al trattamento di tutti i miei dati personali&#8221;. Al termine di questa operazione i Suoi dati personali saranno rimossi dagli archivi nel pi\u00f9 breve tempo possibile.<\/p>\n<p>Se desidera avere maggiori informazioni sul trattamento dei Suoi dati personali, ovvero esercitare i diritti di cui al precedente punto 8, pu\u00f2 inviare una raccomandata A\/R al seguente indirizzo: C.da Torrenova, 24 62018 Porto Potenza Picena (MC) o inviare una email tramite PEC al seguente indirizzo di posta elettronica: calzaturebeppe@legalmail.it. Prima di poterLe fornire, o modificare qualsiasi informazione, potrebbe essere necessario verificare la Sua identit\u00e0 e rispondere ad alcune domande. Una risposta sar\u00e0 fornita al pi\u00f9 presto.<\/p>\n<\/div>\n","protected":false},"excerpt":{"rendered":"<p>PRIVACY POLICY aggiornata al Reg UE 2016\/679 (Regolamento Europeo in materia di protezione dei dati personali) Calzature Beppe s.r.l. prende in seria considerazione la privacy dell\u2019utente e si impegna al rispetto della stessa. La presente privacy policy (\u201cPrivacy Policy\u201d) descrive le attivit\u00e0 di trattamento di dati personali realizzate da Calzature Beppe s.r.l. tramite il sito [&hellip;]<\/p>\n","protected":false},"author":1,"featured_media":0,"parent":0,"menu_order":100,"comment_status":"closed","ping_status":"closed","template":"","meta":{"_acf_changed":false,"footnotes":""},"class_list":["post-199","page","type-page","status-publish","hentry"],"acf":[],"yoast_head":"<!-- This site is optimized with the Yoast SEO plugin v27.3 - https:\/\/yoast.com\/product\/yoast-seo-wordpress\/ -->\n<title>Privacy Policy - Halmanera<\/title>\n<meta name=\"robots\" content=\"index, follow, max-snippet:-1, max-image-preview:large, max-video-preview:-1\" \/>\n<link rel=\"canonical\" href=\"https:\/\/www.halmanera.it\/it\/privacy-policy\/\" \/>\n<meta property=\"og:locale\" content=\"it_IT\" \/>\n<meta property=\"og:type\" content=\"article\" \/>\n<meta property=\"og:title\" content=\"Privacy Policy - Halmanera\" \/>\n<meta property=\"og:description\" content=\"PRIVACY POLICY aggiornata al Reg UE 2016\/679 (Regolamento Europeo in materia di protezione dei dati personali) Calzature Beppe s.r.l. prende in seria considerazione la privacy dell\u2019utente e si impegna al rispetto della stessa. La presente privacy policy (\u201cPrivacy Policy\u201d) descrive le attivit\u00e0 di trattamento di dati personali realizzate da Calzature Beppe s.r.l. tramite il sito [&hellip;]\" \/>\n<meta property=\"og:url\" content=\"https:\/\/www.halmanera.it\/it\/privacy-policy\/\" \/>\n<meta property=\"og:site_name\" content=\"Halmanera\" \/>\n<meta property=\"article:modified_time\" content=\"2022-11-18T08:56:48+00:00\" \/>\n<meta name=\"twitter:card\" content=\"summary_large_image\" \/>\n<meta name=\"twitter:label1\" content=\"Tempo di lettura stimato\" \/>\n\t<meta name=\"twitter:data1\" content=\"12 minutes\" \/>\n<script type=\"application\/ld+json\" class=\"yoast-schema-graph\">{\"@context\":\"https:\\\/\\\/schema.org\",\"@graph\":[{\"@type\":\"WebPage\",\"@id\":\"https:\\\/\\\/www.halmanera.it\\\/it\\\/privacy-policy\\\/\",\"url\":\"https:\\\/\\\/www.halmanera.it\\\/it\\\/privacy-policy\\\/\",\"name\":\"Privacy Policy - Halmanera\",\"isPartOf\":{\"@id\":\"https:\\\/\\\/www.halmanera.it\\\/it\\\/#website\"},\"datePublished\":\"2022-09-28T17:00:26+00:00\",\"dateModified\":\"2022-11-18T08:56:48+00:00\",\"inLanguage\":\"it-IT\",\"potentialAction\":[{\"@type\":\"ReadAction\",\"target\":[[\"https:\\\/\\\/www.halmanera.it\\\/it\\\/privacy-policy\\\/\"]]}]},{\"@type\":\"WebSite\",\"@id\":\"https:\\\/\\\/www.halmanera.it\\\/it\\\/#website\",\"url\":\"https:\\\/\\\/www.halmanera.it\\\/it\\\/\",\"name\":\"Halmanera\",\"description\":\"\",\"potentialAction\":[{\"@type\":\"SearchAction\",\"target\":{\"@type\":\"EntryPoint\",\"urlTemplate\":\"https:\\\/\\\/www.halmanera.it\\\/it\\\/?s={search_term_string}\"},\"query-input\":{\"@type\":\"PropertyValueSpecification\",\"valueRequired\":true,\"valueName\":\"search_term_string\"}}],\"inLanguage\":\"it-IT\"}]}<\/script>\n<!-- \/ Yoast SEO plugin. -->","yoast_head_json":{"title":"Privacy Policy - Halmanera","robots":{"index":"index","follow":"follow","max-snippet":"max-snippet:-1","max-image-preview":"max-image-preview:large","max-video-preview":"max-video-preview:-1"},"canonical":"https:\/\/www.halmanera.it\/it\/privacy-policy\/","og_locale":"it_IT","og_type":"article","og_title":"Privacy Policy - Halmanera","og_description":"PRIVACY POLICY aggiornata al Reg UE 2016\/679 (Regolamento Europeo in materia di protezione dei dati personali) Calzature Beppe s.r.l. prende in seria considerazione la privacy dell\u2019utente e si impegna al rispetto della stessa. La presente privacy policy (\u201cPrivacy Policy\u201d) descrive le attivit\u00e0 di trattamento di dati personali realizzate da Calzature Beppe s.r.l. tramite il sito [&hellip;]","og_url":"https:\/\/www.halmanera.it\/it\/privacy-policy\/","og_site_name":"Halmanera","article_modified_time":"2022-11-18T08:56:48+00:00","twitter_card":"summary_large_image","twitter_misc":{"Tempo di lettura stimato":"12 minutes"},"schema":{"@context":"https:\/\/schema.org","@graph":[{"@type":"WebPage","@id":"https:\/\/www.halmanera.it\/it\/privacy-policy\/","url":"https:\/\/www.halmanera.it\/it\/privacy-policy\/","name":"Privacy Policy - Halmanera","isPartOf":{"@id":"https:\/\/www.halmanera.it\/it\/#website"},"datePublished":"2022-09-28T17:00:26+00:00","dateModified":"2022-11-18T08:56:48+00:00","inLanguage":"it-IT","potentialAction":[{"@type":"ReadAction","target":[["https:\/\/www.halmanera.it\/it\/privacy-policy\/"]]}]},{"@type":"WebSite","@id":"https:\/\/www.halmanera.it\/it\/#website","url":"https:\/\/www.halmanera.it\/it\/","name":"Halmanera","description":"","potentialAction":[{"@type":"SearchAction","target":{"@type":"EntryPoint","urlTemplate":"https:\/\/www.halmanera.it\/it\/?s={search_term_string}"},"query-input":{"@type":"PropertyValueSpecification","valueRequired":true,"valueName":"search_term_string"}}],"inLanguage":"it-IT"}]}},"_links":{"self":[{"href":"https:\/\/www.halmanera.it\/it\/wp-json\/wp\/v2\/pages\/199","targetHints":{"allow":["GET"]}}],"collection":[{"href":"https:\/\/www.halmanera.it\/it\/wp-json\/wp\/v2\/pages"}],"about":[{"href":"https:\/\/www.halmanera.it\/it\/wp-json\/wp\/v2\/types\/page"}],"author":[{"embeddable":true,"href":"https:\/\/www.halmanera.it\/it\/wp-json\/wp\/v2\/users\/1"}],"replies":[{"embeddable":true,"href":"https:\/\/www.halmanera.it\/it\/wp-json\/wp\/v2\/comments?post=199"}],"version-history":[{"count":5,"href":"https:\/\/www.halmanera.it\/it\/wp-json\/wp\/v2\/pages\/199\/revisions"}],"predecessor-version":[{"id":358,"href":"https:\/\/www.halmanera.it\/it\/wp-json\/wp\/v2\/pages\/199\/revisions\/358"}],"wp:attachment":[{"href":"https:\/\/www.halmanera.it\/it\/wp-json\/wp\/v2\/media?parent=199"}],"curies":[{"name":"wp","href":"https:\/\/api.w.org\/{rel}","templated":true}]}}