{"id":29,"date":"2022-09-09T13:02:40","date_gmt":"2022-09-09T11:02:40","guid":{"rendered":"https:\/\/halmanera.it\/?page_id=29"},"modified":"2026-04-02T17:33:24","modified_gmt":"2026-04-02T15:33:24","slug":"home","status":"publish","type":"page","link":"https:\/\/www.halmanera.it\/it\/","title":{"rendered":"Home"},"content":{"rendered":"<div class=\"wpb-content-wrapper\"><p>[vc_row full_width=&#8221;stretch_row&#8221; css=&#8221;.vc_custom_1728304746687{margin-bottom: 30px !important;}&#8221;][vc_column]\n\t\t\t<!-- START Home Slide SS25 REVOLUTION SLIDER 6.7.31 --><p class=\"rs-p-wp-fix\"><\/p>\n\t\t\t<rs-module-wrap id=\"rev_slider_9_1_wrapper\" data-source=\"gallery\" style=\"visibility:hidden;background:transparent;padding:0;margin:0px auto;margin-top:0;margin-bottom:0px;\">\n\t\t\t\t<rs-module id=\"rev_slider_9_1\" style=\"\" data-version=\"6.7.31\">\n\t\t\t\t\t<rs-slides style=\"overflow: hidden; position: absolute;\">\n\t\t\t\t\t\t<rs-slide style=\"position: absolute;\" data-key=\"rs-46\" data-title=\"Slide\" data-link=\"\/it\/collezione-ss-26\/\" data-tag=\"l\" data-target=\"_self\" data-seoz=\"front\" data-in=\"o:0;\" data-out=\"a:false;\">\n\t\t\t\t\t\t\t<img fetchpriority=\"high\" decoding=\"async\" src=\"\/\/www.halmanera.it\/wp-content\/plugins\/revslider\/sr6\/assets\/assets\/dummy.png\" alt=\"\" title=\"ss26-15\" width=\"1920\" height=\"1536\" class=\"rev-slidebg tp-rs-img rs-lazyload\" data-lazyload=\"\/\/www.halmanera.it\/wp-content\/uploads\/2026\/04\/ss26-15.jpg\" data-no-retina>\n<!---->\t\t\t\t\t<\/rs-slide>\n\t\t\t\t\t<\/rs-slides>\n\t\t\t\t<\/rs-module>\n\t\t\t\t<script>\n\t\t\t\t\tsetREVStartSize({c: 'rev_slider_9_1',rl:[1240,1024,778,480],el:[900],gw:[1920],gh:[900],type:'standard',justify:'',layout:'fullwidth',mh:\"0\"});if (window.RS_MODULES!==undefined && window.RS_MODULES.modules!==undefined && window.RS_MODULES.modules[\"revslider91\"]!==undefined) {window.RS_MODULES.modules[\"revslider91\"].once = false;window.revapi9 = undefined;if (window.RS_MODULES.checkMinimal!==undefined) window.RS_MODULES.checkMinimal()}\n\t\t\t\t<\/script>\n\t\t\t<\/rs-module-wrap>\n\t\t\t<!-- END REVOLUTION SLIDER -->\n[\/vc_column][\/vc_row][vc_row][vc_column width=&#8221;1\/2&#8243;][vc_single_image image=&#8221;2436&#8243; img_size=&#8221;large&#8221; onclick=&#8221;custom_link&#8221; css=&#8221;&#8221; link=&#8221;\/it\/collezione-ss-26\/&#8221;][\/vc_column][vc_column width=&#8221;1\/2&#8243;][vc_single_image image=&#8221;2437&#8243; img_size=&#8221;large&#8221; onclick=&#8221;custom_link&#8221; css=&#8221;&#8221; link=&#8221;\/it\/collezione-ss-26\/&#8221;][\/vc_column][\/vc_row][vc_row][vc_column width=&#8221;1\/2&#8243;][vc_single_image image=&#8221;2438&#8243; img_size=&#8221;large&#8221; onclick=&#8221;custom_link&#8221; css=&#8221;&#8221; link=&#8221;\/it\/collezione-ss-26\/&#8221;][\/vc_column][vc_column width=&#8221;1\/2&#8243;][vc_single_image image=&#8221;2439&#8243; img_size=&#8221;large&#8221; onclick=&#8221;custom_link&#8221; css=&#8221;&#8221; link=&#8221;\/it\/collezione-ss-26\/&#8221;][\/vc_column][\/vc_row][vc_row full_width=&#8221;stretch_row&#8221; content_placement=&#8221;middle&#8221; css=&#8221;.vc_custom_1728037411147{margin-bottom: 50px !important;}&#8221; el_class=&#8221;ratio916&#8243;][vc_column width=&#8221;1\/6&#8243; offset=&#8221;vc_col-lg-3 vc_col-md-2 vc_hidden-xs&#8221;][\/vc_column][vc_column width=&#8221;2\/3&#8243; offset=&#8221;vc_col-lg-offset-0 vc_col-lg-6 vc_col-md-offset-0 vc_col-md-8 vc_col-sm-offset-0 vc_col-xs-12&#8243;]\n\t\t\t<!-- START Home Video SS26 REVOLUTION SLIDER 6.7.31 --><p class=\"rs-p-wp-fix\"><\/p>\n\t\t\t<rs-module-wrap id=\"rev_slider_11_2_wrapper\" data-source=\"gallery\" style=\"visibility:hidden;background:transparent;padding:0;margin:0px auto;margin-top:0;margin-bottom:0;\">\n\t\t\t\t<rs-module id=\"rev_slider_11_2\" style=\"\" data-version=\"6.7.31\">\n\t\t\t\t\t<rs-slides style=\"overflow: hidden; position: absolute;\">\n\t\t\t\t\t\t<rs-slide style=\"position: absolute;\" data-key=\"rs-61\" data-title=\"Slide\" data-thumb=\"\/\/img.youtube.com\/vi\/nNbhAAhob3I\/sddefault.jpg\" data-in=\"o:0;\" data-out=\"a:false;\">\n\t\t\t\t\t\t\t<img decoding=\"async\" src=\"\/\/www.halmanera.it\/wp-content\/plugins\/revslider\/sr6\/assets\/assets\/dummy.png\" alt=\"halmanera calzature donna women shoes scarpe made in italy ss23\" title=\"halmanera-scarpe-donna-italian-shoes-ss23-slider-001\" width=\"1920\" height=\"1000\" class=\"rev-slidebg tp-rs-img rs-lazyload\" data-lazyload=\"\/\/img.youtube.com\/vi\/nNbhAAhob3I\/sddefault.jpg\" data-no-retina>\n\t\t\t\t\t\t\t<rs-bgvideo \n\t\t\t\t\t\t\t\tdata-video=\"vc:none;w:100%;h:100%;nse:false;l:true;ptimer:false;\"\n\t\t\t\t\t\t\t\tdata-ytid=\"nNbhAAhob3I\"\n\t\t\t\t\t\t\t\tdata-vatr=\"version=3&amp;enablejsapi=1&amp;html5=1&amp;hd=1&amp;wmode=opaque&amp;showinfo=0&amp;rel=0&amp;origin=https:\/\/www.halmanera.it;\"\n\t\t\t\t\t\t\t><\/rs-bgvideo>\n<!---->\t\t\t\t\t<\/rs-slide>\n\t\t\t\t\t\t<rs-slide style=\"position: absolute;\" data-key=\"rs-62\" data-title=\"Slide\" data-thumb=\"\/\/img.youtube.com\/vi\/vKyIjw9sKTw\/sddefault.jpg\" data-in=\"o:0;\" data-out=\"a:false;\">\n\t\t\t\t\t\t\t<img decoding=\"async\" src=\"\/\/www.halmanera.it\/wp-content\/plugins\/revslider\/sr6\/assets\/assets\/dummy.png\" alt=\"halmanera calzature donna women shoes scarpe made in italy ss23\" title=\"halmanera-scarpe-donna-italian-shoes-ss23-slider-001\" width=\"1920\" height=\"1000\" class=\"rev-slidebg tp-rs-img rs-lazyload\" data-lazyload=\"\/\/img.youtube.com\/vi\/vKyIjw9sKTw\/sddefault.jpg\" data-no-retina>\n\t\t\t\t\t\t\t<rs-bgvideo \n\t\t\t\t\t\t\t\tdata-video=\"vc:none;w:100%;h:100%;nse:false;l:true;ptimer:false;\"\n\t\t\t\t\t\t\t\tdata-ytid=\"vKyIjw9sKTw\"\n\t\t\t\t\t\t\t\tdata-vatr=\"version=3&amp;enablejsapi=1&amp;html5=1&amp;hd=1&amp;wmode=opaque&amp;showinfo=0&amp;rel=0&amp;origin=https:\/\/www.halmanera.it;\"\n\t\t\t\t\t\t\t><\/rs-bgvideo>\n<!---->\t\t\t\t\t<\/rs-slide>\n\t\t\t\t\t\t<rs-slide style=\"position: absolute;\" data-key=\"rs-63\" data-title=\"Slide\" data-thumb=\"\/\/img.youtube.com\/vi\/QDzrimXeDmU\/sddefault.jpg\" data-in=\"o:0;\" data-out=\"a:false;\">\n\t\t\t\t\t\t\t<img loading=\"lazy\" decoding=\"async\" src=\"\/\/www.halmanera.it\/wp-content\/plugins\/revslider\/sr6\/assets\/assets\/dummy.png\" alt=\"halmanera calzature donna women shoes scarpe made in italy ss23\" title=\"halmanera-scarpe-donna-italian-shoes-ss23-slider-001\" width=\"1920\" height=\"1000\" class=\"rev-slidebg tp-rs-img rs-lazyload\" data-lazyload=\"\/\/img.youtube.com\/vi\/QDzrimXeDmU\/sddefault.jpg\" data-no-retina>\n\t\t\t\t\t\t\t<rs-bgvideo \n\t\t\t\t\t\t\t\tdata-video=\"vc:none;w:100%;h:100%;nse:false;l:true;ptimer:false;\"\n\t\t\t\t\t\t\t\tdata-ytid=\"QDzrimXeDmU\"\n\t\t\t\t\t\t\t\tdata-vatr=\"version=3&amp;enablejsapi=1&amp;html5=1&amp;hd=1&amp;wmode=opaque&amp;showinfo=0&amp;rel=0&amp;origin=https:\/\/www.halmanera.it;\"\n\t\t\t\t\t\t\t><\/rs-bgvideo>\n<!---->\t\t\t\t\t<\/rs-slide>\n\t\t\t\t\t\t<rs-slide style=\"position: absolute;\" data-key=\"rs-64\" data-title=\"Slide\" data-thumb=\"\/\/img.youtube.com\/vi\/yADfOu-pB4g\/sddefault.jpg\" data-in=\"o:0;\" data-out=\"a:false;\">\n\t\t\t\t\t\t\t<img loading=\"lazy\" decoding=\"async\" src=\"\/\/www.halmanera.it\/wp-content\/plugins\/revslider\/sr6\/assets\/assets\/dummy.png\" alt=\"halmanera calzature donna women shoes scarpe made in italy ss23\" title=\"halmanera-scarpe-donna-italian-shoes-ss23-slider-001\" width=\"1920\" height=\"1000\" class=\"rev-slidebg tp-rs-img rs-lazyload\" data-lazyload=\"\/\/img.youtube.com\/vi\/yADfOu-pB4g\/sddefault.jpg\" data-no-retina>\n\t\t\t\t\t\t\t<rs-bgvideo \n\t\t\t\t\t\t\t\tdata-video=\"vc:none;w:100%;h:100%;nse:false;l:true;ptimer:false;\"\n\t\t\t\t\t\t\t\tdata-ytid=\"yADfOu-pB4g\"\n\t\t\t\t\t\t\t\tdata-vatr=\"version=3&amp;enablejsapi=1&amp;html5=1&amp;hd=1&amp;wmode=opaque&amp;showinfo=0&amp;rel=0&amp;origin=https:\/\/www.halmanera.it;\"\n\t\t\t\t\t\t\t><\/rs-bgvideo>\n<!---->\t\t\t\t\t<\/rs-slide>\n\t\t\t\t\t\t<rs-slide style=\"position: absolute;\" data-key=\"rs-65\" data-title=\"Slide\" data-thumb=\"\/\/img.youtube.com\/vi\/p6lYZOxYlrI\/sddefault.jpg\" data-in=\"o:0;\" data-out=\"a:false;\">\n\t\t\t\t\t\t\t<img loading=\"lazy\" decoding=\"async\" src=\"\/\/www.halmanera.it\/wp-content\/plugins\/revslider\/sr6\/assets\/assets\/dummy.png\" alt=\"halmanera calzature donna women shoes scarpe made in italy ss23\" title=\"halmanera-scarpe-donna-italian-shoes-ss23-slider-001\" width=\"1920\" height=\"1000\" class=\"rev-slidebg tp-rs-img rs-lazyload\" data-lazyload=\"\/\/img.youtube.com\/vi\/p6lYZOxYlrI\/sddefault.jpg\" data-no-retina>\n\t\t\t\t\t\t\t<rs-bgvideo \n\t\t\t\t\t\t\t\tdata-video=\"vc:none;w:100%;h:100%;nse:false;l:true;ptimer:false;\"\n\t\t\t\t\t\t\t\tdata-ytid=\"p6lYZOxYlrI\"\n\t\t\t\t\t\t\t\tdata-vatr=\"version=3&amp;enablejsapi=1&amp;html5=1&amp;hd=1&amp;wmode=opaque&amp;showinfo=0&amp;rel=0&amp;origin=https:\/\/www.halmanera.it;\"\n\t\t\t\t\t\t\t><\/rs-bgvideo>\n<!---->\t\t\t\t\t<\/rs-slide>\n\t\t\t\t\t<\/rs-slides>\n\t\t\t\t<\/rs-module>\n\t\t\t\t<script>\n\t\t\t\t\tsetREVStartSize({c: 'rev_slider_11_2',rl:[1240,1024,778,480],el:[838],gw:[471],gh:[838],type:'standard',justify:'',layout:'fullwidth',mh:\"0\"});if (window.RS_MODULES!==undefined && window.RS_MODULES.modules!==undefined && window.RS_MODULES.modules[\"revslider112\"]!==undefined) {window.RS_MODULES.modules[\"revslider112\"].once = false;window.revapi11 = undefined;if (window.RS_MODULES.checkMinimal!==undefined) window.RS_MODULES.checkMinimal()}\n\t\t\t\t<\/script>\n\t\t\t<\/rs-module-wrap>\n\t\t\t<!-- END REVOLUTION SLIDER -->\n[\/vc_column][vc_column width=&#8221;1\/6&#8243; offset=&#8221;vc_col-lg-3 vc_col-md-2 vc_hidden-xs&#8221;][\/vc_column][\/vc_row][vc_row][vc_column css=&#8221;.vc_custom_1728037428764{margin-bottom: 50px !important;}&#8221;][vc_btn title=&#8221;SHOP NOW&#8221; style=&#8221;outline&#8221; shape=&#8221;square&#8221; color=&#8221;black&#8221; size=&#8221;lg&#8221; align=&#8221;center&#8221; css=&#8221;.vc_custom_1727950794631{margin-top: 50px !important;}&#8221; link=&#8221;url:https%3A%2F%2Fwww.farfetch.com%2Fit%2Fshopping%2Fwomen%2Fdesigner-halmanera%2Fitems.aspx|target:_blank&#8221;][\/vc_column][\/vc_row][vc_section][vc_row][vc_column][vc_raw_html]JTNDaHIlMjBzdHlsZSUzRCUyMndpZHRoJTNBJTIwNzUlMjUlM0IlMjBtYXJnaW4lM0ElMjAwJTIwYXV0byUyMDYwcHglMjBhdXRvJTNCJTIwaGVpZ2h0JTNBJTIwM3B4JTNCJTIwYmFja2dyb3VuZCUzQSUyMCUyMzAwMCUzQiUyMiUzRQ==[\/vc_raw_html][\/vc_column][\/vc_row][\/vc_section][vc_row el_id=&#8221;shop-products&#8221;][vc_column][vc_custom_heading font_container=&#8221;tag:h2|font_size:40|text_align:center|color:%23000000&#8243; text=&#8221;COLLEZIONE PRIMAVERA ESTATE 2026&#8243; google_fonts=&#8221;font_family:News%20Cycle%3Aregular%2C700|font_style:700%20bold%20regular%3A700%3Anormal&#8221; css=&#8221;&#8221;][vc_custom_heading font_container=&#8221;tag:h3|font_size:30|text_align:center|color:%23000000|line_height:45px&#8221; text=&#8221;Primavera Estate 2026&#8243; google_fonts=&#8221;font_family:News%20Cycle%3Aregular%2C700|font_style:400%20regular%3A400%3Anormal&#8221; css=&#8221;&#8221; el_class=&#8221;hidden&#8221;][\/vc_column][\/vc_row][vc_section el_id=&#8221;shop-products-desk&#8221;][vc_row el_class=&#8221;slide-prodotti&#8221; css=&#8221;.vc_custom_1728040443326{margin-bottom: 50px !important;}&#8221;][vc_column offset=&#8221;vc_hidden-sm vc_hidden-xs&#8221;][vc_basic_grid post_type=&#8221;post&#8221; max_items=&#8221;50&#8243; style=&#8221;pagination&#8221; items_per_page=&#8221;4&#8243; element_width=&#8221;3&#8243; order=&#8221;ASC&#8221; arrows_design=&#8221;vc_arrow-icon-arrow_01_left&#8221; arrows_position=&#8221;outside&#8221; arrows_color=&#8221;black&#8221; paging_design=&#8221;none&#8221; loop=&#8221;yes&#8221; item=&#8221;162&#8243; css=&#8221;.vc_custom_1775134493753{margin-top: 30px !important;}&#8221; grid_id=&#8221;vc_gid:1775143902911-44685c73-952a-7&#8243; taxonomies=&#8221;53&#8243; el_id=&#8221;shop-art&#8221;][\/vc_column][\/vc_row][\/vc_section][vc_section el_id=&#8221;shop-products-mob&#8221;][vc_row el_class=&#8221;slide-prodotti&#8221;][vc_column offset=&#8221;vc_hidden-lg vc_hidden-md&#8221; el_class=&#8221;slide-prodotti&#8221;][vc_basic_grid post_type=&#8221;post&#8221; max_items=&#8221;50&#8243; style=&#8221;pagination&#8221; items_per_page=&#8221;2&#8243; element_width=&#8221;6&#8243; gap=&#8221;0&#8243; order=&#8221;ASC&#8221; paging_design=&#8221;square_dots&#8221; loop=&#8221;yes&#8221; item=&#8221;162&#8243; css=&#8221;.vc_custom_1775134506006{margin-top: 30px !important;}&#8221; grid_id=&#8221;vc_gid:1775143902911-814f10e7-cb35-6&#8243; taxonomies=&#8221;53&#8243;][\/vc_column][\/vc_row][\/vc_section][vc_row][vc_column][\/vc_column][\/vc_row]<\/p>\n<\/div>","protected":false},"excerpt":{"rendered":"<p>[vc_row full_width=&#8221;stretch_row&#8221; css=&#8221;.vc_custom_1728304746687{margin-bottom: 30px !important;}&#8221;][vc_column][\/vc_column][\/vc_row][vc_row][vc_column width=&#8221;1\/2&#8243;][vc_single_image image=&#8221;2436&#8243; img_size=&#8221;large&#8221; onclick=&#8221;custom_link&#8221; css=&#8221;&#8221; link=&#8221;\/it\/collezione-ss-26\/&#8221;][\/vc_column][vc_column width=&#8221;1\/2&#8243;][vc_single_image image=&#8221;2437&#8243; img_size=&#8221;large&#8221; onclick=&#8221;custom_link&#8221; css=&#8221;&#8221; link=&#8221;\/it\/collezione-ss-26\/&#8221;][\/vc_column][\/vc_row][vc_row][vc_column width=&#8221;1\/2&#8243;][vc_single_image image=&#8221;2438&#8243; img_size=&#8221;large&#8221; onclick=&#8221;custom_link&#8221; css=&#8221;&#8221; link=&#8221;\/it\/collezione-ss-26\/&#8221;][\/vc_column][vc_column width=&#8221;1\/2&#8243;][vc_single_image image=&#8221;2439&#8243; img_size=&#8221;large&#8221; onclick=&#8221;custom_link&#8221; css=&#8221;&#8221; link=&#8221;\/it\/collezione-ss-26\/&#8221;][\/vc_column][\/vc_row][vc_row full_width=&#8221;stretch_row&#8221; content_placement=&#8221;middle&#8221; css=&#8221;.vc_custom_1728037411147{margin-bottom: 50px !important;}&#8221; el_class=&#8221;ratio916&#8243;][vc_column width=&#8221;1\/6&#8243; offset=&#8221;vc_col-lg-3 vc_col-md-2 vc_hidden-xs&#8221;][\/vc_column][vc_column width=&#8221;2\/3&#8243; offset=&#8221;vc_col-lg-offset-0 vc_col-lg-6 vc_col-md-offset-0 vc_col-md-8 vc_col-sm-offset-0 vc_col-xs-12&#8243;][\/vc_column][vc_column width=&#8221;1\/6&#8243; offset=&#8221;vc_col-lg-3 vc_col-md-2 vc_hidden-xs&#8221;][\/vc_column][\/vc_row][vc_row][vc_column css=&#8221;.vc_custom_1728037428764{margin-bottom: 50px !important;}&#8221;][vc_btn title=&#8221;SHOP NOW&#8221; [&hellip;]<\/p>\n","protected":false},"author":1,"featured_media":0,"parent":0,"menu_order":0,"comment_status":"closed","ping_status":"closed","template":"","meta":{"_acf_changed":false,"footnotes":""},"class_list":["post-29","page","type-page","status-publish","hentry"],"acf":[],"yoast_head":"<!-- This site is optimized with the Yoast SEO plugin v27.3 - https:\/\/yoast.com\/product\/yoast-seo-wordpress\/ -->\n<title>Halmanera: Calzature da Donna | Handmade in Italy<\/title>\n<meta name=\"description\" content=\"Calzature da donna artigianali fatte a mano in Italia: stivali, mocassini e d\u00e9collet\u00e9. Non c&#039;\u00e8 nulla di pi\u00f9 sensuale che la naturalezza di una donna.\" \/>\n<meta name=\"robots\" content=\"index, follow, max-snippet:-1, max-image-preview:large, max-video-preview:-1\" \/>\n<link rel=\"canonical\" href=\"https:\/\/www.halmanera.it\/it\/\" \/>\n<meta property=\"og:locale\" content=\"it_IT\" \/>\n<meta property=\"og:type\" content=\"article\" \/>\n<meta property=\"og:title\" content=\"Halmanera: Calzature da Donna | Handmade in Italy\" \/>\n<meta property=\"og:description\" content=\"Calzature da donna artigianali fatte a mano in Italia: stivali, mocassini e d\u00e9collet\u00e9. Non c&#039;\u00e8 nulla di pi\u00f9 sensuale che la naturalezza di una donna.\" \/>\n<meta property=\"og:url\" content=\"https:\/\/www.halmanera.it\/it\/\" \/>\n<meta property=\"og:site_name\" content=\"Halmanera\" \/>\n<meta property=\"article:modified_time\" content=\"2026-04-02T15:33:24+00:00\" \/>\n<meta name=\"twitter:card\" content=\"summary_large_image\" \/>\n<meta name=\"twitter:label1\" content=\"Tempo di lettura stimato\" \/>\n\t<meta name=\"twitter:data1\" content=\"3 minuti\" \/>\n<script type=\"application\/ld+json\" class=\"yoast-schema-graph\">{\"@context\":\"https:\\\/\\\/schema.org\",\"@graph\":[{\"@type\":\"WebPage\",\"@id\":\"https:\\\/\\\/www.halmanera.it\\\/it\\\/\",\"url\":\"https:\\\/\\\/www.halmanera.it\\\/it\\\/\",\"name\":\"Halmanera: Calzature da Donna | Handmade in Italy\",\"isPartOf\":{\"@id\":\"https:\\\/\\\/www.halmanera.it\\\/it\\\/#website\"},\"datePublished\":\"2022-09-09T11:02:40+00:00\",\"dateModified\":\"2026-04-02T15:33:24+00:00\",\"description\":\"Calzature da donna artigianali fatte a mano in Italia: stivali, mocassini e d\u00e9collet\u00e9. Non c'\u00e8 nulla di pi\u00f9 sensuale che la naturalezza di una donna.\",\"inLanguage\":\"it-IT\",\"potentialAction\":[{\"@type\":\"ReadAction\",\"target\":[[\"https:\\\/\\\/www.halmanera.it\\\/it\\\/\"]]}]},{\"@type\":\"WebSite\",\"@id\":\"https:\\\/\\\/www.halmanera.it\\\/it\\\/#website\",\"url\":\"https:\\\/\\\/www.halmanera.it\\\/it\\\/\",\"name\":\"Halmanera\",\"description\":\"\",\"potentialAction\":[{\"@type\":\"SearchAction\",\"target\":{\"@type\":\"EntryPoint\",\"urlTemplate\":\"https:\\\/\\\/www.halmanera.it\\\/it\\\/?s={search_term_string}\"},\"query-input\":{\"@type\":\"PropertyValueSpecification\",\"valueRequired\":true,\"valueName\":\"search_term_string\"}}],\"inLanguage\":\"it-IT\"}]}<\/script>\n<!-- \/ Yoast SEO plugin. -->","yoast_head_json":{"title":"Halmanera: Calzature da Donna | Handmade in Italy","description":"Calzature da donna artigianali fatte a mano in Italia: stivali, mocassini e d\u00e9collet\u00e9. Non c'\u00e8 nulla di pi\u00f9 sensuale che la naturalezza di una donna.","robots":{"index":"index","follow":"follow","max-snippet":"max-snippet:-1","max-image-preview":"max-image-preview:large","max-video-preview":"max-video-preview:-1"},"canonical":"https:\/\/www.halmanera.it\/it\/","og_locale":"it_IT","og_type":"article","og_title":"Halmanera: Calzature da Donna | Handmade in Italy","og_description":"Calzature da donna artigianali fatte a mano in Italia: stivali, mocassini e d\u00e9collet\u00e9. Non c'\u00e8 nulla di pi\u00f9 sensuale che la naturalezza di una donna.","og_url":"https:\/\/www.halmanera.it\/it\/","og_site_name":"Halmanera","article_modified_time":"2026-04-02T15:33:24+00:00","twitter_card":"summary_large_image","twitter_misc":{"Tempo di lettura stimato":"3 minuti"},"schema":{"@context":"https:\/\/schema.org","@graph":[{"@type":"WebPage","@id":"https:\/\/www.halmanera.it\/it\/","url":"https:\/\/www.halmanera.it\/it\/","name":"Halmanera: Calzature da Donna | Handmade in Italy","isPartOf":{"@id":"https:\/\/www.halmanera.it\/it\/#website"},"datePublished":"2022-09-09T11:02:40+00:00","dateModified":"2026-04-02T15:33:24+00:00","description":"Calzature da donna artigianali fatte a mano in Italia: stivali, mocassini e d\u00e9collet\u00e9. Non c'\u00e8 nulla di pi\u00f9 sensuale che la naturalezza di una donna.","inLanguage":"it-IT","potentialAction":[{"@type":"ReadAction","target":[["https:\/\/www.halmanera.it\/it\/"]]}]},{"@type":"WebSite","@id":"https:\/\/www.halmanera.it\/it\/#website","url":"https:\/\/www.halmanera.it\/it\/","name":"Halmanera","description":"","potentialAction":[{"@type":"SearchAction","target":{"@type":"EntryPoint","urlTemplate":"https:\/\/www.halmanera.it\/it\/?s={search_term_string}"},"query-input":{"@type":"PropertyValueSpecification","valueRequired":true,"valueName":"search_term_string"}}],"inLanguage":"it-IT"}]}},"_links":{"self":[{"href":"https:\/\/www.halmanera.it\/it\/wp-json\/wp\/v2\/pages\/29","targetHints":{"allow":["GET"]}}],"collection":[{"href":"https:\/\/www.halmanera.it\/it\/wp-json\/wp\/v2\/pages"}],"about":[{"href":"https:\/\/www.halmanera.it\/it\/wp-json\/wp\/v2\/types\/page"}],"author":[{"embeddable":true,"href":"https:\/\/www.halmanera.it\/it\/wp-json\/wp\/v2\/users\/1"}],"replies":[{"embeddable":true,"href":"https:\/\/www.halmanera.it\/it\/wp-json\/wp\/v2\/comments?post=29"}],"version-history":[{"count":234,"href":"https:\/\/www.halmanera.it\/it\/wp-json\/wp\/v2\/pages\/29\/revisions"}],"predecessor-version":[{"id":2500,"href":"https:\/\/www.halmanera.it\/it\/wp-json\/wp\/v2\/pages\/29\/revisions\/2500"}],"wp:attachment":[{"href":"https:\/\/www.halmanera.it\/it\/wp-json\/wp\/v2\/media?parent=29"}],"curies":[{"name":"wp","href":"https:\/\/api.w.org\/{rel}","templated":true}]}}